{"id":7280,"date":"2022-11-07T11:52:32","date_gmt":"2022-11-07T11:52:32","guid":{"rendered":"https:\/\/psm-saar.de\/?page_id=7280"},"modified":"2026-02-17T11:44:23","modified_gmt":"2026-02-17T10:44:23","slug":"fill-finish-services-commercial","status":"publish","type":"page","link":"https:\/\/psm-saar.de\/en\/pharma-cdmo\/fill-finish-services-commercial\/","title":{"rendered":"Fill and Finish Services for Commercial Products"},"content":{"rendered":"<div class=\"gb-container gb-container-d40db56b\"><div class=\"gb-inside-container\">\n\n<h1 class=\"gb-text gb-text-7d2d751a\">Aseptic Fill &amp; Finish Services for Commercial Products<\/h1>\n\n\n<div class=\"gb-grid-wrapper gb-grid-wrapper-d755006d\">\n<div class=\"gb-grid-column gb-grid-column-fd0e5481\"><div class=\"gb-container gb-container-fd0e5481\"><div class=\"gb-inside-container\">\n\n<p>In addition to developing products and scaling them up to our commercial production lines, we also offer aseptic contract filling services for fully developed and approved products. We use the latest state-of-the-art filling equipment from groninger (filling line), SKAN (isolator) and Martin Christ (freeze dryer) with an annual capacity of approx 15 million Ready-To-Use (RTU) primary packaging containers. This includes pre-filled syringes, vials and cartridges in glass and polymer.<\/p>\n\n\n\n<p>Our premises, filling equipment, associated processes and risk assessments already meet the requirements of the new EU GMP Annex 1 today.<\/p>\n\n\n<div class=\"gb-container gb-container-8bb80671\">\n<div class=\"gb-container gb-container-8747d237\">\n<div class=\"gb-grid-wrapper gb-grid-wrapper-273e32f4\">\n<div class=\"gb-grid-column gb-grid-column-f3fd02cf\"><div class=\"gb-container gb-container-f3fd02cf\">\n\n<p style=\"font-size:17px\"><strong>Project requests<\/strong> <strong>to Thorsten H\u00e4fner<\/strong><br>E-mail: <a href=\"mailto:service@psm-saar.de\" target=\"_blank\" rel=\"noreferrer noopener\">service@psm-saar.de<\/a><\/p>\n\n<\/div><\/div>\n\n<div class=\"gb-grid-column gb-grid-column-3c68f476\"><div class=\"gb-container gb-container-3c68f476\">\n\n<figure class=\"gb-block-image gb-block-image-4a2e7db0\"><img loading=\"lazy\" decoding=\"async\" width=\"120\" height=\"120\" class=\"gb-image gb-image-4a2e7db0\" src=\"https:\/\/psm-saar.de\/wp-content\/uploads\/2025\/06\/psm-thorsten-haefner-120px.png\" alt=\"PSM Ansprechpartner f\u00fcr Projektanfragen: Thorsten H\u00e4fner\" title=\"psm-thorsten-haefner-120px\"\/><\/figure>\n\n<\/div><\/div>\n<\/div>\n<\/div>\n\n<div class=\"gb-container gb-container-00c5c342\"><div class=\"gb-inside-container\">\n<div class=\"gb-button-wrapper gb-button-wrapper-1dfd6778 button-move\">\n\n<a class=\"gb-button gb-button-12cd886b smooth-scroll \" href=\"https:\/\/psm-saar.de\/en\/contact-form\/\" target=\"_blank\" rel=\"noopener noreferrer\"><span class=\"gb-button-text\">Request<\/span><span class=\"gb-icon\"><svg viewBox=\"0 0 448 512\" xmlns=\"http:\/\/www.w3.org\/2000\/svg\" class=\"svg-inline--fa fa-long-arrow-alt-right fa-w-14\" data-icon=\"long-arrow-alt-right\" data-prefix=\"fas\" aria-hidden=\"true\"><path d=\"M313.941 216H12c-6.627 0-12 5.373-12 12v56c0 6.627 5.373 12 12 12h301.941v46.059c0 21.382 25.851 32.09 40.971 16.971l86.059-86.059c9.373-9.373 9.373-24.569 0-33.941l-86.059-86.059c-15.119-15.119-40.971-4.411-40.971 16.971V216z\" fill=\"currentColor\"><\/path><\/svg><\/span><\/a>\n\n<\/div>\n<\/div><\/div>\n<\/div>\n<\/div><\/div><\/div>\n\n<div class=\"gb-grid-column gb-grid-column-cd3d5425\"><div class=\"gb-container gb-container-cd3d5425\"><div class=\"gb-inside-container\">\n\n<figure class=\"gb-block-image gb-block-image-38e9f5b5\"><img loading=\"lazy\" decoding=\"async\" width=\"600\" height=\"400\" class=\"gb-image gb-image-38e9f5b5\" src=\"https:\/\/psm-saar.de\/wp-content\/uploads\/2025\/01\/felxfill-aseptic-manufacturing-pharmaceutical-products-psm-2.jpg\" alt=\"\" title=\"felxfill-aseptic-manufacturing-pharmaceutical-products-psm\" srcset=\"https:\/\/psm-saar.de\/wp-content\/uploads\/2025\/01\/felxfill-aseptic-manufacturing-pharmaceutical-products-psm-2.jpg 600w, https:\/\/psm-saar.de\/wp-content\/uploads\/2025\/01\/felxfill-aseptic-manufacturing-pharmaceutical-products-psm-2-300x200.jpg 300w\" sizes=\"auto, (max-width: 600px) 100vw, 600px\" \/><\/figure>\n\n\n\n<figure class=\"gb-block-image gb-block-image-6aecda66\"><img loading=\"lazy\" decoding=\"async\" width=\"600\" height=\"400\" class=\"gb-image gb-image-6aecda66\" src=\"https:\/\/psm-saar.de\/wp-content\/uploads\/2025\/06\/robocell-sterile-abfuellung-pharmaceutical-products-psm.jpg\" alt=\"robocell -  sterile Abf\u00fcllung von Pharmazeutika \" title=\"robocell-sterile-abfuellung-pharmaceutical-products-psm\" srcset=\"https:\/\/psm-saar.de\/wp-content\/uploads\/2025\/06\/robocell-sterile-abfuellung-pharmaceutical-products-psm.jpg 600w, https:\/\/psm-saar.de\/wp-content\/uploads\/2025\/06\/robocell-sterile-abfuellung-pharmaceutical-products-psm-300x200.jpg 300w\" sizes=\"auto, (max-width: 600px) 100vw, 600px\" \/><\/figure>\n\n<\/div><\/div><\/div>\n<\/div>\n\n\n<hr class=\"wp-block-separator has-text-color has-accent-2-color has-alpha-channel-opacity has-accent-2-background-color has-background is-style-default\"\/>\n\n\n\n<h2 class=\"gb-headline gb-headline-70ea379e gb-headline-text\">Our End-to-End Pharma CDMO Services for Commercial Products<\/h2>\n\n\n<div class=\"gb-grid-wrapper gb-grid-wrapper-1c49ae59\">\n<div class=\"gb-grid-column gb-grid-column-f6841178\"><div class=\"gb-container gb-container-f6841178\"><div class=\"gb-inside-container\">\n\n<ul class=\"wp-block-list\">\n<li>Manufacturing and compounding of drug substance for example: <a href=\"https:\/\/psm-saar.de\/en\/biopharmaceuticals\/\" title=\"\">Biopharmaceuticals<\/a>, <a href=\"https:\/\/psm-saar.de\/en\/biosimilars\/\" title=\"\">Biosimilars, <\/a><a href=\"https:\/\/psm-saar.de\/en\/small-molecules\/\" title=\"\">Small Molecules<\/a>, <a href=\"https:\/\/psm-saar.de\/en\/diluent\/\" title=\"\">Diluents<\/a> and <a href=\"https:\/\/psm-saar.de\/en\/ophthalmic\/\" title=\"\">Ophthalmics<\/a><\/li>\n<\/ul>\n\n\n\n<ul class=\"wp-block-list\">\n<li>Aseptic filling, stoppering and closing of pre-fillable syringes, vials and cartridges in different batch sizes up to around 600 liters<\/li>\n<\/ul>\n\n\n\n<ul class=\"wp-block-list\">\n<li>Capabilities for nitrogen overlay \/ gassing and vacuum options for oxygen sensitive products<\/li>\n<\/ul>\n\n\n\n<ul class=\"wp-block-list\">\n<li>Terminal sterilization<\/li>\n<\/ul>\n\n\n\n<ul class=\"wp-block-list\">\n<li>Analytical services for product release<\/li>\n<\/ul>\n\n\n\n<ul class=\"wp-block-list\">\n<li>Visual inspection, labelling and secondary packaging including GMP storage<\/li>\n<\/ul>\n\n\n\n<ul class=\"wp-block-list\">\n<li>Storage and shipping of products at ambient temperature, cooled at 2\u00b0- 8\u00b0 or frozen down to -75\u00b0C.<\/li>\n<\/ul>\n\n<\/div><\/div><\/div>\n\n<div class=\"gb-grid-column gb-grid-column-336030a2\"><div class=\"gb-container gb-container-336030a2\"><div class=\"gb-inside-container\">\n\n<figure class=\"gb-block-image gb-block-image-7737067c\"><img loading=\"lazy\" decoding=\"async\" width=\"600\" height=\"400\" class=\"gb-image gb-image-7737067c\" src=\"https:\/\/psm-saar.de\/wp-content\/uploads\/2023\/01\/flexfill-vials-psm-abfuellen-pharmazeutika.jpg\" alt=\"\" title=\"flexfill-vials-psm-abf\u00fcllen-pharmazeutika\" srcset=\"https:\/\/psm-saar.de\/wp-content\/uploads\/2023\/01\/flexfill-vials-psm-abfuellen-pharmazeutika.jpg 600w, https:\/\/psm-saar.de\/wp-content\/uploads\/2023\/01\/flexfill-vials-psm-abfuellen-pharmazeutika-300x200.jpg 300w\" sizes=\"auto, (max-width: 600px) 100vw, 600px\" \/><\/figure>\n\n<\/div><\/div><\/div>\n\n<div class=\"gb-grid-column gb-grid-column-2d66c76e\"><div class=\"gb-container gb-container-2d66c76e\">\n\n<a class=\"gb-button gb-button-e20fa37a gb-button-text\" href=\"https:\/\/psm-saar.de\/en\/biopharmaceuticals\/\" aria-label=\"Link to Biopharmaceuticals\">Biopharmaceuticals<\/a>\n\n\n\n<a class=\"gb-button gb-button-3a0244d9 gb-button-text\" href=\"https:\/\/psm-saar.de\/en\/biopharmaceuticals\/monoclonal-antibodies\/\" aria-label=\"Link to Biosimilars\">Monoclonal Antibodies<\/a>\n\n\n\n<a class=\"gb-button gb-button-9bf3d00b gb-button-text\" href=\"https:\/\/psm-saar.de\/en\/biopharmaceuticals\/mrna\/\" aria-label=\"Link to Biosimilars\">mRNA<\/a>\n\n\n\n<a class=\"gb-button gb-button-d5524f41 gb-button-text\" href=\"https:\/\/psm-saar.de\/en\/biopharmaceuticals\/peptides\/\" aria-label=\"Link to Biosimilars\">Peptides<\/a>\n\n\n\n<a class=\"gb-button gb-button-375562db gb-button-text\" href=\"https:\/\/psm-saar.de\/en\/biosimilars\/\" aria-label=\"Link to Biosimilars\">Biosimilars<\/a>\n\n\n\n<a class=\"gb-button gb-button-e83878a3 gb-button-text\" href=\"https:\/\/psm-saar.de\/en\/small-molecules\/\" aria-label=\"Link to Small Molecules\">Small Molecules<\/a>\n\n\n\n<a class=\"gb-button gb-button-5c103bf5 gb-button-text\" href=\"https:\/\/psm-saar.de\/en\/diluent\/\" aria-label=\"Link to Diluents\">Diluents<\/a>\n\n\n\n<a class=\"gb-button gb-button-7754b7d9 gb-button-text\" href=\"https:\/\/psm-saar.de\/en\/ophthalmic\/\" aria-label=\"Link to Diluents\">Ophthalmikc<\/a>\n\n<\/div><\/div>\n<\/div>\n<\/div><\/div>\n\n\n<hr class=\"wp-block-separator has-text-color has-accent-2-color has-alpha-channel-opacity has-accent-2-background-color has-background is-style-default\"\/>\n\n\n<div class=\"gb-container gb-container-55c202ef\">\n\n<p>With the Groninger <strong>Flexfill filling system<\/strong>, we can fill batch sizes of up to 600&nbsp;liters. We offer maximum flexibility in processing ready-to-use syringes up to 50&nbsp;ml, vials up to 100&nbsp;ml, and cartridges up to 3&nbsp;ml in glass or polymer. This line is equipped with peristalitc and rotary piston pumps and various gassing and vacuum options.<\/p>\n\n\n<div class=\"gb-container gb-container-e4bd32c0\">\n\n<figure class=\"wp-block-video\"><video height=\"698\" style=\"aspect-ratio: 1280 \/ 698;\" width=\"1280\" controls poster=\"https:\/\/psm-saar.de\/wp-content\/uploads\/2025\/09\/psm-flexfill-video-fill-and-finish-services.png\" src=\"https:\/\/psm-saar.de\/wp-content\/uploads\/2026\/02\/PSM-flexfill_-PSF-Vials-Cartridges-2026.mp4\"><\/video><\/figure>\n\n<\/div>\n\n\n<hr class=\"wp-block-separator has-text-color has-accent-2-color has-alpha-channel-opacity has-accent-2-background-color has-background\"\/>\n\n<\/div>\n\n<div class=\"gb-container gb-container-26a51e28\">\n\n<figure class=\"wp-block-gallery has-nested-images columns-2 is-cropped wp-block-gallery-1 is-layout-flex wp-block-gallery-is-layout-flex\">\n<figure class=\"wp-block-image size-full\"><img loading=\"lazy\" decoding=\"async\" width=\"600\" height=\"400\" data-id=\"13527\" src=\"https:\/\/psm-saar.de\/wp-content\/uploads\/2025\/03\/psm-pharmaunternehmen.jpg\" alt=\"\" class=\"wp-image-13527\" srcset=\"https:\/\/psm-saar.de\/wp-content\/uploads\/2025\/03\/psm-pharmaunternehmen.jpg 600w, https:\/\/psm-saar.de\/wp-content\/uploads\/2025\/03\/psm-pharmaunternehmen-300x200.jpg 300w\" sizes=\"auto, (max-width: 600px) 100vw, 600px\" \/><\/figure>\n\n\n\n<figure class=\"wp-block-image size-full\"><img loading=\"lazy\" decoding=\"async\" width=\"600\" height=\"400\" data-id=\"14614\" src=\"https:\/\/psm-saar.de\/wp-content\/uploads\/2025\/06\/products-psm-gruppe-02-1.jpg\" alt=\"PSM - aseptische Abf\u00fcllung Pharma CDMO\" class=\"wp-image-14614\" srcset=\"https:\/\/psm-saar.de\/wp-content\/uploads\/2025\/06\/products-psm-gruppe-02-1.jpg 600w, https:\/\/psm-saar.de\/wp-content\/uploads\/2025\/06\/products-psm-gruppe-02-1-300x200.jpg 300w\" sizes=\"auto, (max-width: 600px) 100vw, 600px\" \/><\/figure>\n\n\n\n<figure class=\"wp-block-image size-full\"><img loading=\"lazy\" decoding=\"async\" width=\"600\" height=\"400\" data-id=\"8547\" src=\"https:\/\/psm-saar.de\/wp-content\/uploads\/2023\/01\/befuellen-fluessige-medikamente-02.jpg\" alt=\"Aseptic Fill and Finish Services for pre-filled syringes, vials and cartridges in glass and polymer\" class=\"wp-image-8547\" srcset=\"https:\/\/psm-saar.de\/wp-content\/uploads\/2023\/01\/befuellen-fluessige-medikamente-02.jpg 600w, https:\/\/psm-saar.de\/wp-content\/uploads\/2023\/01\/befuellen-fluessige-medikamente-02-300x200.jpg 300w\" sizes=\"auto, (max-width: 600px) 100vw, 600px\" \/><\/figure>\n\n\n\n<figure class=\"wp-block-image size-full\"><img loading=\"lazy\" decoding=\"async\" width=\"600\" height=\"400\" data-id=\"14688\" src=\"https:\/\/psm-saar.de\/wp-content\/uploads\/2025\/06\/psm-robocell-schiffweiler.jpg\" alt=\"robocell - sterile Abf\u00fcllung von Pharmazeutika: vollautomatische, robotergest\u00fctzte Abf\u00fcllanlage f\u00fcr fl\u00fcssige oder gefriergetrocknete Produkte\" class=\"wp-image-14688\" srcset=\"https:\/\/psm-saar.de\/wp-content\/uploads\/2025\/06\/psm-robocell-schiffweiler.jpg 600w, https:\/\/psm-saar.de\/wp-content\/uploads\/2025\/06\/psm-robocell-schiffweiler-300x200.jpg 300w\" sizes=\"auto, (max-width: 600px) 100vw, 600px\" \/><\/figure>\n\n\n\n<figure class=\"wp-block-image size-full\"><img loading=\"lazy\" decoding=\"async\" width=\"600\" height=\"400\" data-id=\"13531\" src=\"https:\/\/psm-saar.de\/wp-content\/uploads\/2025\/03\/psm-pharma-pharmaindustrie.jpg\" alt=\"\" class=\"wp-image-13531\" srcset=\"https:\/\/psm-saar.de\/wp-content\/uploads\/2025\/03\/psm-pharma-pharmaindustrie.jpg 600w, https:\/\/psm-saar.de\/wp-content\/uploads\/2025\/03\/psm-pharma-pharmaindustrie-300x200.jpg 300w\" sizes=\"auto, (max-width: 600px) 100vw, 600px\" \/><\/figure>\n\n\n\n<figure class=\"wp-block-image size-full\"><img loading=\"lazy\" decoding=\"async\" width=\"600\" height=\"400\" data-id=\"13525\" src=\"https:\/\/psm-saar.de\/wp-content\/uploads\/2025\/03\/robocell-vials-fill-and-finish-commercial-drugs.jpg\" alt=\"\" class=\"wp-image-13525\" srcset=\"https:\/\/psm-saar.de\/wp-content\/uploads\/2025\/03\/robocell-vials-fill-and-finish-commercial-drugs.jpg 600w, https:\/\/psm-saar.de\/wp-content\/uploads\/2025\/03\/robocell-vials-fill-and-finish-commercial-drugs-300x200.jpg 300w\" sizes=\"auto, (max-width: 600px) 100vw, 600px\" \/><\/figure>\n<\/figure>\n\n<\/div>\n\n\n<hr class=\"wp-block-separator has-text-color has-accent-2-color has-alpha-channel-opacity has-accent-2-background-color has-background is-style-default\"\/>\n\n\n<div class=\"gb-container gb-container-772bfa3b\"><div class=\"gb-inside-container\">\n<div class=\"gb-container gb-container-772bfa3b\"><div class=\"gb-inside-container\">\n\n<h3 class=\"gb-headline gb-headline-4eb99f69 gb-headline-text\">Our Services as an End-to-End Pharma CDMO<\/h3>\n\n\n<div class=\"gb-grid-wrapper gb-grid-wrapper-6a9f5337\">\n<div class=\"gb-grid-column gb-grid-column-f1a80c71\"><div class=\"gb-container gb-container-f1a80c71 kat-container\"><a class=\"gb-container-link\" href=\"https:\/\/psm-saar.de\/en\/pharma-cdmo-deutschland\/api-manufacturing\/\" aria-label=\"More about our api manufacturing services\"><\/a>\n\n<figure class=\"wp-block-image aligncenter size-full kat-image\"><img loading=\"lazy\" decoding=\"async\" width=\"200\" height=\"100\" src=\"https:\/\/psm-saar.de\/wp-content\/uploads\/2023\/06\/icon-wirkstoff.png\" alt=\"\" class=\"wp-image-10115\"\/><\/figure>\n\n\n<div class=\"gb-container gb-container-5fb709cd\"><div class=\"gb-inside-container\">\n\n<h4 class=\"gb-headline gb-headline-e28a1954 gb-headline-text\"><a title=\"\" href=\"https:\/\/psm-saar.de\/en\/pharma-cdmo-deutschland\/api-manufacturing\/\">API Manufacturing<\/a><\/h4>\n\n<\/div><\/div>\n<\/div><\/div>\n\n<div class=\"gb-grid-column gb-grid-column-c5a9fb3d\"><div class=\"gb-container gb-container-c5a9fb3d kat-container\"><a class=\"gb-container-link\" href=\"https:\/\/psm-saar.de\/en\/pharma-dienstleistungen\/formulation-development\/\" aria-label=\"Go to formulation and development\"><\/a>\n\n<figure class=\"wp-block-image aligncenter size-full kat-image\"><img loading=\"lazy\" decoding=\"async\" width=\"200\" height=\"100\" src=\"https:\/\/psm-saar.de\/wp-content\/uploads\/2023\/06\/icon-formulierungsentwicklung.png\" alt=\"\" class=\"wp-image-10121\"\/><\/figure>\n\n\n<div class=\"gb-container gb-container-04d8c970\"><div class=\"gb-inside-container\">\n\n<h4 class=\"gb-headline gb-headline-ecc83657 gb-headline-text\"><a href=\"#\">Method and Process Development<\/a><\/h4>\n\n<\/div><\/div>\n<\/div><\/div>\n\n<div class=\"gb-grid-column gb-grid-column-d7793a7f\"><div class=\"gb-container gb-container-d7793a7f kat-container\"><a class=\"gb-container-link\" href=\"https:\/\/psm-saar.de\/en\/pharma-dienstleistungen\/analytik\/\" aria-label=\"Got to analytical services\"><\/a>\n\n<figure class=\"wp-block-image aligncenter size-full is-resized kat-image\"><img loading=\"lazy\" decoding=\"async\" width=\"200\" height=\"100\" src=\"https:\/\/psm-saar.de\/wp-content\/uploads\/2023\/06\/icon-analytik.png\" alt=\"\" class=\"wp-image-10117\" style=\"width:200px\"\/><\/figure>\n\n\n<div class=\"gb-container gb-container-01eb533c\"><div class=\"gb-inside-container\">\n\n<h4 class=\"gb-headline gb-headline-88da68ee gb-headline-text\"><a href=\"#\">Analytical Services<\/a><\/h4>\n\n<\/div><\/div>\n<\/div><\/div>\n\n<div class=\"gb-grid-column gb-grid-column-3c1bb04b\"><div class=\"gb-container gb-container-3c1bb04b kat-container\"><a class=\"gb-container-link\" href=\"https:\/\/psm-saar.de\/en\/pharma-dienstleistungen\/finished-medical-products\/\" aria-label=\"Go to aseptic filling services for clinical trials\"><\/a>\n\n<figure class=\"wp-block-image aligncenter size-full kat-image\"><img loading=\"lazy\" decoding=\"async\" width=\"200\" height=\"100\" src=\"https:\/\/psm-saar.de\/wp-content\/uploads\/2023\/06\/icon-klinische-muster.png\" alt=\"\" class=\"wp-image-10109\"\/><\/figure>\n\n\n<div class=\"gb-container gb-container-8e03e872\"><div class=\"gb-inside-container\">\n\n<h4 class=\"gb-headline gb-headline-23351a9a gb-headline-text\"><a href=\"#\" title=\"\">Aseptic Fill &amp; Finish Services for Clinical Trials<\/a><\/h4>\n\n<\/div><\/div>\n<\/div><\/div>\n\n<div class=\"gb-grid-column gb-grid-column-db36bb92\"><div class=\"gb-container gb-container-db36bb92 kat-container\"><a class=\"gb-container-link\" href=\"https:\/\/psm-saar.de\/en\/pharma-dienstleistungen\/fill-finish-services-commercial\/\" aria-label=\"Go to aseptic filling services for commercial products\"><\/a>\n\n<figure class=\"wp-block-image aligncenter size-full kat-image\"><img loading=\"lazy\" decoding=\"async\" width=\"200\" height=\"100\" src=\"https:\/\/psm-saar.de\/wp-content\/uploads\/2025\/11\/fill-and-finish-service-for-medicals.png\" alt=\"Pharmaceutical Fill and Finish Services\" class=\"wp-image-15984\"\/><\/figure>\n\n\n<div class=\"gb-container gb-container-35fd1dda\"><div class=\"gb-inside-container\">\n\n<h4 class=\"gb-headline gb-headline-dc020a7a gb-headline-text\"><a href=\"#\">Aseptic Fill &amp; Finish Services for Commercial Products<\/a><\/h4>\n\n<\/div><\/div>\n<\/div><\/div>\n\n<div class=\"gb-grid-column gb-grid-column-d11449ec\"><div class=\"gb-container gb-container-d11449ec kat-container\"><a class=\"gb-container-link\" href=\"https:\/\/psm-saar.de\/en\/pharma-dienstleistungen\/packaging\/\" aria-label=\"Go to container closure integrity testing - CCIT\"><\/a>\n\n<figure class=\"wp-block-image aligncenter size-full is-resized kat-image\"><img loading=\"lazy\" decoding=\"async\" width=\"200\" height=\"100\" src=\"https:\/\/psm-saar.de\/wp-content\/uploads\/2023\/06\/icon-optische.png\" alt=\"\" class=\"wp-image-10111\" style=\"height:110px\"\/><\/figure>\n\n\n<div class=\"gb-container gb-container-e68592e1\"><div class=\"gb-inside-container\">\n\n<h4 class=\"gb-headline gb-headline-60b3a7b5 gb-headline-text\"><a href=\"#\">Visual Inspection and Container Closure Integrity Testing<\/a><br><\/h4>\n\n<\/div><\/div>\n<\/div><\/div>\n\n<div class=\"gb-grid-column gb-grid-column-7d2ad7eb\"><div class=\"gb-container gb-container-7d2ad7eb kat-container\"><a class=\"gb-container-link\" href=\"https:\/\/psm-saar.de\/en\/pharma-dienstleistungen\/packaging\/\" aria-label=\"Got to secondary packaging and labelling\"><\/a>\n\n<figure class=\"wp-block-image aligncenter size-full is-resized kat-image\"><img loading=\"lazy\" decoding=\"async\" width=\"200\" height=\"100\" src=\"https:\/\/psm-saar.de\/wp-content\/uploads\/2023\/06\/icon-sekundaerverpackung.png\" alt=\"\" class=\"wp-image-10113\" style=\"width:200px;height:100px\"\/><\/figure>\n\n\n<div class=\"gb-container gb-container-189ea72d\"><div class=\"gb-inside-container\">\n\n<h4 class=\"gb-headline gb-headline-8f90c8f7 gb-headline-text\"><a href=\"#\"> Secondary Packaging<\/a><\/h4>\n\n<\/div><\/div>\n<\/div><\/div>\n\n<div class=\"gb-grid-column gb-grid-column-982fe98c\"><div class=\"gb-container gb-container-982fe98c kat-container\"><a class=\"gb-container-link\" href=\"https:\/\/psm-saar.de\/en\/pharma-cdmo\/gmp-storage\/\" aria-label=\"Go to gmp storage\" rel=\"nofollow\"><\/a>\n\n<figure class=\"wp-block-image aligncenter size-full kat-image\"><a href=\"https:\/\/psm-saar.de\/en\/pharma-cdmo\/gmp-storage\/\"><img loading=\"lazy\" decoding=\"async\" width=\"200\" height=\"100\" src=\"https:\/\/psm-saar.de\/wp-content\/uploads\/2023\/06\/icon-gmp-lager.png\" alt=\"\" class=\"wp-image-10107\"\/><\/a><\/figure>\n\n\n<div class=\"gb-container gb-container-6a95d4f3\"><div class=\"gb-inside-container\">\n\n<h4 class=\"gb-headline gb-headline-22f65d01 gb-headline-text\"><a href=\"#\" title=\"\">GMP Storage<\/a><\/h4>\n\n<\/div><\/div>\n<\/div><\/div>\n\n<div class=\"gb-grid-column gb-grid-column-c361547a\"><div class=\"gb-container gb-container-c361547a kat-container\"><a class=\"gb-container-link\" href=\"https:\/\/psm-saar.de\/en\/pharma-dienstleistungen\/gdp-transports\/\" aria-label=\"Go to gdp transport\"><\/a>\n\n<figure class=\"wp-block-image aligncenter size-full kat-image\"><img loading=\"lazy\" decoding=\"async\" width=\"200\" height=\"100\" src=\"https:\/\/psm-saar.de\/wp-content\/uploads\/2023\/06\/icon-gdp-transport.png\" alt=\"\" class=\"wp-image-10105\"\/><\/figure>\n\n\n<div class=\"gb-container gb-container-9aa7aa6d\"><div class=\"gb-inside-container\">\n\n<h4 class=\"gb-headline gb-headline-08890297 gb-headline-text\"><a href=\"#\">GDP Transport <\/a><\/h4>\n\n<\/div><\/div>\n<\/div><\/div>\n<\/div>\n<\/div><\/div>\n<\/div><\/div>","protected":false},"excerpt":{"rendered":"<p>Aseptic Fill &amp; Finish Services for Commercial Products Our End-to-End Pharma CDMO Services for Commercial Products With the Groninger Flexfill &#8230; <a title=\"Fill and Finish Services for Commercial Products\" class=\"read-more\" href=\"https:\/\/psm-saar.de\/en\/pharma-cdmo\/fill-finish-services-commercial\/\" aria-label=\"Read more about Fill and Finish Services for Commercial Products\">weiterlesen &#8230;<\/a><\/p>\n","protected":false},"author":2,"featured_media":0,"parent":6286,"menu_order":0,"comment_status":"closed","ping_status":"closed","template":"","meta":{"footnotes":""},"class_list":["post-7280","page","type-page","status-publish"],"aioseo_notices":[],"_links":{"self":[{"href":"https:\/\/psm-saar.de\/en\/wp-json\/wp\/v2\/pages\/7280","targetHints":{"allow":["GET"]}}],"collection":[{"href":"https:\/\/psm-saar.de\/en\/wp-json\/wp\/v2\/pages"}],"about":[{"href":"https:\/\/psm-saar.de\/en\/wp-json\/wp\/v2\/types\/page"}],"author":[{"embeddable":true,"href":"https:\/\/psm-saar.de\/en\/wp-json\/wp\/v2\/users\/2"}],"replies":[{"embeddable":true,"href":"https:\/\/psm-saar.de\/en\/wp-json\/wp\/v2\/comments?post=7280"}],"version-history":[{"count":21,"href":"https:\/\/psm-saar.de\/en\/wp-json\/wp\/v2\/pages\/7280\/revisions"}],"predecessor-version":[{"id":17093,"href":"https:\/\/psm-saar.de\/en\/wp-json\/wp\/v2\/pages\/7280\/revisions\/17093"}],"up":[{"embeddable":true,"href":"https:\/\/psm-saar.de\/en\/wp-json\/wp\/v2\/pages\/6286"}],"wp:attachment":[{"href":"https:\/\/psm-saar.de\/en\/wp-json\/wp\/v2\/media?parent=7280"}],"curies":[{"name":"wp","href":"https:\/\/api.w.org\/{rel}","templated":true}]}}